{"id":5,"date":"2015-08-13T11:17:43","date_gmt":"2015-08-13T11:17:43","guid":{"rendered":"https:\/\/www.aiseszukle.lt\/?page_id=5"},"modified":"2015-08-14T09:49:44","modified_gmt":"2015-08-14T09:49:44","slug":"titulinis","status":"publish","type":"page","link":"https:\/\/www.aiseszukle.lt\/","title":{"rendered":"titulinis"},"content":{"rendered":"<div      class=\"vc_row wpb_row section vc_row-fluid vc_custom_1439534719467\" style='background-color:#00d6e5; text-align:left;'><div class=\" full_section_inner clearfix\">\n\t<div class=\"vc_col-sm-12 wpb_column vc_column_container \">\n\t\t<div class=\"wpb_wrapper\">\n\t\t\t\n\t<div class=\"wpb_text_column wpb_content_element \">\n\t\t<div class=\"wpb_wrapper\">\n\t\t\t<h1 style=\"text-align: center;\"><span style=\"color: #ffffff;\">+37065221510 |\u00a0+37046420706 |\u00a0<\/span><span style=\"color: #ffffff;\"><a style=\"color: #ffffff;\" href=\"mailto:modestas@aiseszukle.eu\">modestas@aiseszukle.eu<\/a><\/span><\/h1>\n\n\t\t<\/div> \n\t<\/div> \n\t\t<\/div> \n\t<\/div> \n<\/div><\/div><div   data-q_id=\"#paslaugos\"    class=\"vc_row wpb_row section vc_row-fluid paslaugos vc_custom_1439544088945\" style='background-color:#f5f3e9; text-align:left;'><div class=\" full_section_inner clearfix\">\n\t<div class=\"vc_col-sm-12 wpb_column vc_column_container \">\n\t\t<div class=\"wpb_wrapper\">\n\t\t\t<div      class=\"vc_row wpb_row section vc_inner vc_row-fluid\" style=' text-align:left;'><div class=\" full_section_inner clearfix\">\n\t<div class=\"vc_col-sm-12 wpb_column vc_column_container \">\n\t\t<div class=\"wpb_wrapper\">\n\t\t\t\n\t<div class=\"wpb_text_column wpb_content_element \">\n\t\t<div class=\"wpb_wrapper\">\n\t\t\t<h1 style=\"text-align: center;\"><span style=\"color: #333333;\">PASLAUGOS<\/span><\/h1>\n\n\t\t<\/div> \n\t<\/div> <div class=\"separator  normal center  \" style=\"margin-top: 25px;margin-bottom: 40px;background-color: #ffffff;height: 2px;\"><\/div>\n\n\t\t<\/div> \n\t<\/div> \n<\/div><\/div><div      class=\"vc_row wpb_row section vc_inner vc_row-fluid grid_section\" style=' text-align:left;'><div class=\" section_inner clearfix\"><div class='section_inner_margin clearfix'>\n\t<div class=\"vc_col-sm-4 wpb_column vc_column_container \">\n\t\t<div class=\"wpb_wrapper\">\n\t\t\t\n\t<div class=\"wpb_single_image wpb_content_element vc_align_center\">\n\t\t<div>\n\t\t<div class=\"wpb_wrapper\">\n\t\t\t\n\t\t\t<div class=\"vc_single_image-wrapper   vc_box_border_grey\"><img width=\"150\" height=\"150\" src=\"https:\/\/www.aiseszukle.lt\/wp-content\/uploads\/2015\/08\/333-150x150.jpg\" class=\"vc_single_image-img attachment-thumbnail\" alt=\"\" loading=\"lazy\" srcset=\"https:\/\/www.aiseszukle.lt\/wp-content\/uploads\/2015\/08\/333-150x150.jpg 150w, https:\/\/www.aiseszukle.lt\/wp-content\/uploads\/2015\/08\/333.jpg 300w\" sizes=\"(max-width: 150px) 100vw, 150px\" \/><\/div>\n\t\t<\/div> \n\t\t<\/div>\n\t<\/div> <div class=\"separator  transparent center  \" style=\"margin-top: 10px;margin-bottom: 10px;\"><\/div>\n\n\t<div class=\"wpb_text_column wpb_content_element \">\n\t\t<div class=\"wpb_wrapper\">\n\t\t\t<h3 style=\"text-align: center;\"><span style=\"color: #333333;\">Gaminame \u012fvairias detales<\/span><\/h3>\n\n\t\t<\/div> \n\t<\/div> <div class=\"separator  small center  \" style=\"margin-top: 15px;margin-bottom: 20px;background-color: #00d6e5;height: 3px;width: 15px;\"><\/div>\n\n\t<div class=\"wpb_text_column wpb_content_element \">\n\t\t<div class=\"wpb_wrapper\">\n\t\t\t<p style=\"text-align: center;\">I\u0161 aliuminio,nerudyjan\u010dio plieno ir \u012fvairi\u0173 spalvot\u0173j\u0173 metal\u0173,pagal u\u017esakymus,\u0161alto \u0161tampavimo b\u016bdu gaminame detales,reikalingas bald\u0173 gamybai, bui\u010diai,maisto ir statybos pramonei.<\/p>\n\n\t\t<\/div> \n\t<\/div> \n\t\t<\/div> \n\t<\/div> \n\n\t<div class=\"vc_col-sm-4 wpb_column vc_column_container \">\n\t\t<div class=\"wpb_wrapper\">\n\t\t\t\n\t<div class=\"wpb_single_image wpb_content_element vc_align_center\">\n\t\t<div>\n\t\t<div class=\"wpb_wrapper\">\n\t\t\t\n\t\t\t<div class=\"vc_single_image-wrapper   vc_box_border_grey\"><img width=\"150\" height=\"150\" src=\"https:\/\/www.aiseszukle.lt\/wp-content\/uploads\/2015\/08\/22-150x150.jpg\" class=\"vc_single_image-img attachment-thumbnail\" alt=\"\" loading=\"lazy\" srcset=\"https:\/\/www.aiseszukle.lt\/wp-content\/uploads\/2015\/08\/22-150x150.jpg 150w, https:\/\/www.aiseszukle.lt\/wp-content\/uploads\/2015\/08\/22.jpg 300w\" sizes=\"(max-width: 150px) 100vw, 150px\" \/><\/div>\n\t\t<\/div> \n\t\t<\/div>\n\t<\/div> <div class=\"separator  transparent center  \" style=\"margin-top: 10px;margin-bottom: 10px;\"><\/div>\n\n\t<div class=\"wpb_text_column wpb_content_element \">\n\t\t<div class=\"wpb_wrapper\">\n\t\t\t<h3 style=\"text-align: center;\">\u012egyvendinsim\u00a0<span style=\"color: #333333;\">J\u016bs\u0173 id\u0117j\u0105<\/span><\/h3>\n\n\t\t<\/div> \n\t<\/div> <div class=\"separator  small center  \" style=\"margin-top: 15px;margin-bottom: 20px;background-color: #00d6e5;height: 3px;width: 15px;\"><\/div>\n\n\t<div class=\"wpb_text_column wpb_content_element \">\n\t\t<div class=\"wpb_wrapper\">\n\t\t\t<p style=\"text-align: center;\">Mes mes pasistengsime \u012fgyvendinti bet kokia J\u016bs\u0173 id\u0117j\u0105. Suproektuosime, bei pagaminsime serijinei gamybai reikaling\u0105 \u012frang\u0105, optimizuosime j\u016bs\u0173 u\u017esakymo gamyb\u0105,atliksime tai kokybi\u0161kai ir greitai.<\/p>\n\n\t\t<\/div> \n\t<\/div> \n\t\t<\/div> \n\t<\/div> \n\n\t<div class=\"vc_col-sm-4 wpb_column vc_column_container \">\n\t\t<div class=\"wpb_wrapper\">\n\t\t\t\n\t<div class=\"wpb_single_image wpb_content_element vc_align_center\">\n\t\t<div>\n\t\t<div class=\"wpb_wrapper\">\n\t\t\t\n\t\t\t<div class=\"vc_single_image-wrapper   vc_box_border_grey\"><img width=\"150\" height=\"150\" src=\"https:\/\/www.aiseszukle.lt\/wp-content\/uploads\/2015\/08\/111-150x150.jpg\" class=\"vc_single_image-img attachment-thumbnail\" alt=\"\" loading=\"lazy\" srcset=\"https:\/\/www.aiseszukle.lt\/wp-content\/uploads\/2015\/08\/111-150x150.jpg 150w, https:\/\/www.aiseszukle.lt\/wp-content\/uploads\/2015\/08\/111.jpg 300w\" sizes=\"(max-width: 150px) 100vw, 150px\" \/><\/div>\n\t\t<\/div> \n\t\t<\/div>\n\t<\/div> <div class=\"separator  transparent center  \" style=\"margin-top: 10px;margin-bottom: 10px;\"><\/div>\n\n\t<div class=\"wpb_text_column wpb_content_element \">\n\t\t<div class=\"wpb_wrapper\">\n\t\t\t<h3 style=\"text-align: center;\"><span style=\"color: #333333;\">Gaminame \u017e\u016bkl\u0117s reikmenys<\/span><\/h3>\n\n\t\t<\/div> \n\t<\/div> <div class=\"separator  small center  \" style=\"margin-top: 15px;margin-bottom: 20px;background-color: #00d6e5;height: 3px;width: 15px;\"><\/div>\n\n\t<div class=\"wpb_text_column wpb_content_element \">\n\t\t<div class=\"wpb_wrapper\">\n\t\t\t<p style=\"text-align: center;\">\u0160alto \u0161tampavimo b\u016bd\u0173 gaminame detales i\u0161 aliuminio,plieno, nerudyjan\u010dio plieno ir spalvot\u0173 metal\u0173. Taip pat gaminame \u017e\u016bkl\u0117s reikmenys m\u0117g\u0117ji\u0161kai \u017e\u016bklei ir vygdome didmenin\u0119 prekyb\u0105.<\/p>\n\n\t\t<\/div> \n\t<\/div> \n\t\t<\/div> \n\t<\/div> \n<\/div><\/div><\/div><div class=\"separator  transparent center  \" style=\"margin-top: 15px;margin-bottom: 15px;\"><\/div>\n\n\t\t<\/div> \n\t<\/div> \n<\/div><\/div><div   data-q_id=\"#apie_mus\"    class=\"vc_row wpb_row section vc_row-fluid vc_custom_1439544101989\" style='background-color:#ffffff; text-align:left;'><div class=\" full_section_inner clearfix\">\n\t<div class=\"vc_col-sm-12 wpb_column vc_column_container \">\n\t\t<div class=\"wpb_wrapper\">\n\t\t\t<div      class=\"vc_row wpb_row section vc_inner vc_row-fluid\" style=' text-align:left;'><div class=\" full_section_inner clearfix\">\n\t<div class=\"vc_col-sm-12 wpb_column vc_column_container \">\n\t\t<div class=\"wpb_wrapper\">\n\t\t\t\n\t<div class=\"wpb_text_column wpb_content_element \">\n\t\t<div class=\"wpb_wrapper\">\n\t\t\t<h1 style=\"text-align: center;\"><span style=\"color: #333333;\">APIE MUS<\/span><\/h1>\n\n\t\t<\/div> \n\t<\/div> <div class=\"separator  normal center  \" style=\"margin-top: 25px;margin-bottom: 40px;background-color: #f6f3ea;height: 2px;\"><\/div>\n\n\t\t<\/div> \n\t<\/div> \n<\/div><\/div><div      class=\"vc_row wpb_row section vc_inner vc_row-fluid grid_section\" style=' text-align:left;'><div class=\" section_inner clearfix\"><div class='section_inner_margin clearfix'>\n\t<div class=\"vc_col-sm-12 wpb_column vc_column_container \">\n\t\t<div class=\"wpb_wrapper\">\n\t\t\t\n\t<div class=\"wpb_single_image wpb_content_element vc_align_center\">\n\t\t<div>\n\t\t<div class=\"wpb_wrapper\">\n\t\t\t\n\t\t\t<div class=\"vc_single_image-wrapper   vc_box_border_grey\"><img width=\"150\" height=\"150\" src=\"https:\/\/www.aiseszukle.lt\/wp-content\/uploads\/2015\/08\/apie-mus-150x150.png\" class=\"vc_single_image-img attachment-thumbnail\" alt=\"\" loading=\"lazy\" srcset=\"https:\/\/www.aiseszukle.lt\/wp-content\/uploads\/2015\/08\/apie-mus-150x150.png 150w, https:\/\/www.aiseszukle.lt\/wp-content\/uploads\/2015\/08\/apie-mus.png 296w\" sizes=\"(max-width: 150px) 100vw, 150px\" \/><\/div>\n\t\t<\/div> \n\t\t<\/div>\n\t<\/div> <div class=\"separator  transparent center  \" style=\"margin-top: 10px;margin-bottom: 40px;\"><\/div>\n\n\t\t<\/div> \n\t<\/div> \n<\/div><\/div><\/div><div      class=\"vc_row wpb_row section vc_inner vc_row-fluid grid_section\" style=' text-align:left;'><div class=\" section_inner clearfix\"><div class='section_inner_margin clearfix'>\n\t<div class=\"vc_col-sm-6 wpb_column vc_column_container \">\n\t\t<div class=\"wpb_wrapper\">\n\t\t\t<div class=\"separator  small center  \" style=\"margin-top: 15px;margin-bottom: 30px;background-color: #00d6e5;height: 4px;width: 30px;\"><\/div>\n\n\t<div class=\"wpb_text_column wpb_content_element \">\n\t\t<div class=\"wpb_wrapper\">\n\t\t\t<h1>I am text block. Click edit button to change this text. Lorem ipsum dolor sit amet, consectetur adipiscing elit. Ut elit tellus, luctus nec ullamcorper mattis, pulvinar dapibus leo.\u00a0I am text block.<\/h1>\n\n\t\t<\/div> \n\t<\/div> \n\t\t<\/div> \n\t<\/div> \n\n\t<div class=\"vc_col-sm-6 wpb_column vc_column_container \">\n\t\t<div class=\"wpb_wrapper\">\n\t\t\t<div class=\"separator  small center  \" style=\"margin-top: 15px;margin-bottom: 30px;background-color: #00d6e5;height: 4px;width: 30px;\"><\/div>\n\n\t<div class=\"wpb_text_column wpb_content_element \">\n\t\t<div class=\"wpb_wrapper\">\n\t\t\t<h3>I am text block. Click edit button to change this text. Lorem ipsum dolor sit amet, consectetur adipiscing elit. Ut elit tellus, luctus nec ullamcorper mattis, pulvinar dapibus leo.\u00a0I am text block. Click edit button to change this text. Lorem ipsum dolor sit amet, consectetur adipiscing elit. Ut elit tellus, luctus nec ullamcorper mattis, pulvinar dapibus leo.<\/h3>\n\n\t\t<\/div> \n\t<\/div> \n\t\t<\/div> \n\t<\/div> \n<\/div><\/div><\/div><div class=\"separator  transparent center  \" style=\"margin-top: 15px;margin-bottom: 15px;\"><\/div>\n\n\t\t<\/div> \n\t<\/div> \n<\/div><\/div><div   data-q_id=\"#kontaktai\"    class=\"vc_row wpb_row section vc_row-fluid kontaktai vc_custom_1439542454770\" style='background-color:#f5f3e9; text-align:left;'><div class=\" full_section_inner clearfix\">\n\t<div class=\"vc_col-sm-12 wpb_column vc_column_container \">\n\t\t<div class=\"wpb_wrapper\">\n\t\t\t<div      class=\"vc_row wpb_row section vc_inner vc_row-fluid\" style=' text-align:left;'><div class=\" full_section_inner clearfix\">\n\t<div class=\"vc_col-sm-12 wpb_column vc_column_container \">\n\t\t<div class=\"wpb_wrapper\">\n\t\t\t\n\t<div class=\"wpb_text_column wpb_content_element \">\n\t\t<div class=\"wpb_wrapper\">\n\t\t\t<h1 style=\"text-align: center;\"><span style=\"color: #333333;\">KONTAKTAI<\/span><\/h1>\n\n\t\t<\/div> \n\t<\/div> <div class=\"separator  normal center  \" style=\"margin-top: 25px;margin-bottom: 40px;background-color: #fff2f2;height: 2px;\"><\/div>\n\n\t\t<\/div> \n\t<\/div> \n<\/div><\/div><div      class=\"vc_row wpb_row section vc_inner vc_row-fluid grid_section\" style=' text-align:left;'><div class=\" section_inner clearfix\"><div class='section_inner_margin clearfix'>\n\t<div class=\"vc_col-sm-6 wpb_column vc_column_container \">\n\t\t<div class=\"wpb_wrapper\">\n\t\t\t\n\t<div class=\"wpb_single_image wpb_content_element vc_align_center\">\n\t\t<div>\n\t\t<div class=\"wpb_wrapper\">\n\t\t\t\n\t\t\t<div class=\"vc_single_image-wrapper   vc_box_border_grey\"><img width=\"150\" height=\"150\" src=\"https:\/\/www.aiseszukle.lt\/wp-content\/uploads\/2015\/08\/business_contact-150x150.png\" class=\"vc_single_image-img attachment-thumbnail\" alt=\"\" loading=\"lazy\" srcset=\"https:\/\/www.aiseszukle.lt\/wp-content\/uploads\/2015\/08\/business_contact-150x150.png 150w, https:\/\/www.aiseszukle.lt\/wp-content\/uploads\/2015\/08\/business_contact-300x300.png 300w, https:\/\/www.aiseszukle.lt\/wp-content\/uploads\/2015\/08\/business_contact-500x500.png 500w, https:\/\/www.aiseszukle.lt\/wp-content\/uploads\/2015\/08\/business_contact.png 512w\" sizes=\"(max-width: 150px) 100vw, 150px\" \/><\/div>\n\t\t<\/div> \n\t\t<\/div>\n\t<\/div> <div class=\"separator  small center  \" style=\"margin-top: 15px;margin-bottom: 30px;background-color: #00d6e5;height: 4px;width: 30px;\"><\/div>\n\n\t<div class=\"wpb_text_column wpb_content_element \">\n\t\t<div class=\"wpb_wrapper\">\n\t\t\t<h1>UAB\u201cAis\u0117s \u017e\u016bkl\u0117\u201c<\/h1>\n<h1><\/h1>\n<p>&nbsp;<\/p>\n<h1>Bij\u016bn\u0173 g.10,Klaip\u0117da<br \/>\nLT-91223,KLAIPEDA<\/h1>\n<h1><\/h1>\n<p>&nbsp;<\/p>\n<h1>865221510<\/h1>\n<h1>846420706<\/h1>\n<h1><\/h1>\n<p>&nbsp;<\/p>\n<h1>aise@takas.lt<br \/>\nmodestas@aiseszukle.eu<\/h1>\n<h1><\/h1>\n<p>&nbsp;<\/p>\n<h3><a href=\"http:\/\/www.aiseszukle.eu\">www.aiseszukle.eu<\/a><\/h3>\n\n\t\t<\/div> \n\t<\/div> \n\t\t<\/div> \n\t<\/div> \n\n\t<div class=\"vc_col-sm-6 wpb_column vc_column_container \">\n\t\t<div class=\"wpb_wrapper\">\n\t\t\t<div role=\"form\" class=\"wpcf7\" id=\"wpcf7-f100-o1\" lang=\"en-US\" dir=\"ltr\">\n<div class=\"screen-reader-response\"><p role=\"status\" aria-live=\"polite\" aria-atomic=\"true\"><\/p> <ul><\/ul><\/div>\n<form action=\"\/index.php?rest_route=%2Fwp%2Fv2%2Fpages%2F5#wpcf7-f100-o1\" method=\"post\" class=\"wpcf7-form init cf7_custom_style_1\" novalidate=\"novalidate\" data-status=\"init\">\n<div style=\"display: none;\">\n<input type=\"hidden\" name=\"_wpcf7\" value=\"100\" \/>\n<input type=\"hidden\" name=\"_wpcf7_version\" value=\"5.5.3\" \/>\n<input type=\"hidden\" name=\"_wpcf7_locale\" value=\"en_US\" \/>\n<input type=\"hidden\" name=\"_wpcf7_unit_tag\" value=\"wpcf7-f100-o1\" \/>\n<input type=\"hidden\" name=\"_wpcf7_container_post\" value=\"0\" \/>\n<input type=\"hidden\" name=\"_wpcf7_posted_data_hash\" value=\"\" \/>\n<\/div>\n<p>J\u016bs\u0173 vardas<br \/>\n    <span class=\"wpcf7-form-control-wrap your-name\"><input type=\"text\" name=\"your-name\" value=\"\" size=\"40\" class=\"wpcf7-form-control wpcf7-text wpcf7-validates-as-required\" aria-required=\"true\" aria-invalid=\"false\" \/><\/span> <\/p>\n<p>J\u016bs\u0173 pa\u0161tas(required)<br \/>\n    <span class=\"wpcf7-form-control-wrap your-email\"><input type=\"email\" name=\"your-email\" value=\"\" size=\"40\" class=\"wpcf7-form-control wpcf7-text wpcf7-email wpcf7-validates-as-required wpcf7-validates-as-email\" aria-required=\"true\" aria-invalid=\"false\" \/><\/span> <\/p>\n<p>Tema<br \/>\n    <span class=\"wpcf7-form-control-wrap your-subject\"><input type=\"text\" name=\"your-subject\" value=\"\" size=\"40\" class=\"wpcf7-form-control wpcf7-text\" aria-invalid=\"false\" \/><\/span> <\/p>\n<p>J\u016bs\u0173 \u017einut\u0117<br \/>\n    <span class=\"wpcf7-form-control-wrap your-message\"><textarea name=\"your-message\" cols=\"40\" rows=\"10\" class=\"wpcf7-form-control wpcf7-textarea\" aria-invalid=\"false\"><\/textarea><\/span> <\/p>\n<p><input type=\"submit\" value=\"si\u0173sti\" class=\"wpcf7-form-control has-spinner wpcf7-submit\" \/><\/p>\n<div class=\"wpcf7-response-output\" aria-hidden=\"true\"><\/div><\/form><\/div>\n\t\t<\/div> \n\t<\/div> \n<\/div><\/div><\/div>\n\t\t<\/div> \n\t<\/div> \n<\/div><\/div><div      class=\"vc_row wpb_row section vc_row-fluid\" style=' text-align:left;'><div class=\" full_section_inner clearfix\">\n\t<div class=\"vc_col-sm-12 wpb_column vc_column_container \">\n\t\t<div class=\"wpb_wrapper\">\n\t\t\t<div class='google_map_shortcode_holder' style='height:500px;'><div class='qode_google_map' style='height:500px;' id='map_canvas_77181' data-addresses='[\"Bij\u016bn\u0173 g.10,Klaip\u0117da\"]' data-custom-map-style='true' data-color-overlay='#727272' data-saturation='-100' data-lightness='10' data-zoom='15' data-pin='https:\/\/www.aiseszukle.lt\/wp-content\/uploads\/2015\/08\/icon-map-e1439545262257.png' data-unique-id='77181' data-google-maps-scroll-wheel='false' data-map-height='500'><\/div><div class='google_map_shortcode_overlay'><\/div><\/div>\n\t\t<\/div> \n\t<\/div> \n<\/div><\/div>\n","protected":false},"excerpt":{"rendered":"+37065221510 |\u00a0+37046420706 |\u00a0modestas@aiseszukle.eu PASLAUGOS Gaminame \u012fvairias detales I\u0161 aliuminio,nerudyjan\u010dio plieno ir \u012fvairi\u0173 spalvot\u0173j\u0173 metal\u0173,pagal u\u017esakymus,\u0161alto \u0161tampavimo b\u016bdu gaminame detales,reikalingas bald\u0173 gamybai, bui\u010diai,maisto ir statybos pramonei. \u012egyvendinsim\u00a0J\u016bs\u0173 id\u0117j\u0105 Mes mes pasistengsime \u012fgyvendinti bet kokia J\u016bs\u0173 id\u0117j\u0105. Suproektuosime, bei pagaminsime serijinei gamybai reikaling\u0105 \u012frang\u0105, optimizuosime j\u016bs\u0173 u\u017esakymo...","protected":false},"author":1,"featured_media":0,"parent":0,"menu_order":0,"comment_status":"open","ping_status":"open","template":"full_width.php","meta":[],"_links":{"self":[{"href":"https:\/\/www.aiseszukle.lt\/index.php?rest_route=\/wp\/v2\/pages\/5"}],"collection":[{"href":"https:\/\/www.aiseszukle.lt\/index.php?rest_route=\/wp\/v2\/pages"}],"about":[{"href":"https:\/\/www.aiseszukle.lt\/index.php?rest_route=\/wp\/v2\/types\/page"}],"author":[{"embeddable":true,"href":"https:\/\/www.aiseszukle.lt\/index.php?rest_route=\/wp\/v2\/users\/1"}],"replies":[{"embeddable":true,"href":"https:\/\/www.aiseszukle.lt\/index.php?rest_route=%2Fwp%2Fv2%2Fcomments&post=5"}],"version-history":[{"count":93,"href":"https:\/\/www.aiseszukle.lt\/index.php?rest_route=\/wp\/v2\/pages\/5\/revisions"}],"predecessor-version":[{"id":141,"href":"https:\/\/www.aiseszukle.lt\/index.php?rest_route=\/wp\/v2\/pages\/5\/revisions\/141"}],"wp:attachment":[{"href":"https:\/\/www.aiseszukle.lt\/index.php?rest_route=%2Fwp%2Fv2%2Fmedia&parent=5"}],"curies":[{"name":"wp","href":"https:\/\/api.w.org\/{rel}","templated":true}]}}